{"id":484,"date":"2021-12-09T16:56:21","date_gmt":"2021-12-09T16:56:21","guid":{"rendered":"https:\/\/www.wifinn.net\/tarifes\/wifinn-20-copy\/"},"modified":"2021-12-10T08:34:24","modified_gmt":"2021-12-10T08:34:24","slug":"wifinn-30","status":"publish","type":"page","link":"https:\/\/www.wifinn.net\/ca\/tarifes\/wifinn-30\/","title":{"rendered":"Wifinn 30"},"content":{"rendered":"\t\t<div data-elementor-type=\"wp-page\" data-elementor-id=\"484\" class=\"elementor elementor-484\" data-elementor-post-type=\"page\">\n\t\t\t\t\t\t<section class=\"elementor-section elementor-top-section elementor-element elementor-element-17afd04c elementor-section-height-min-height elementor-section-boxed elementor-section-height-default elementor-section-items-middle\" data-id=\"17afd04c\" data-element_type=\"section\" data-e-type=\"section\" data-settings=\"{&quot;background_background&quot;:&quot;classic&quot;}\">\n\t\t\t\t\t\t\t<div class=\"elementor-background-overlay\"><\/div>\n\t\t\t\t\t\t\t<div class=\"elementor-container elementor-column-gap-default\">\n\t\t\t\t\t<div class=\"elementor-column elementor-col-100 elementor-top-column elementor-element elementor-element-69339ac8\" data-id=\"69339ac8\" data-element_type=\"column\" data-e-type=\"column\">\n\t\t\t<div class=\"elementor-widget-wrap elementor-element-populated\">\n\t\t\t\t\t\t<div class=\"elementor-element elementor-element-575aab04 elementor-widget elementor-widget-heading\" data-id=\"575aab04\" data-element_type=\"widget\" data-e-type=\"widget\" data-widget_type=\"heading.default\">\n\t\t\t\t<div class=\"elementor-widget-container\">\n\t\t\t\t\t<h1 class=\"elementor-heading-title elementor-size-default\">Tarifa wifinn 30<\/h1>\t\t\t\t<\/div>\n\t\t\t\t<\/div>\n\t\t\t\t<div class=\"elementor-element elementor-element-1c221168 elementor-widget elementor-widget-heading\" data-id=\"1c221168\" data-element_type=\"widget\" data-e-type=\"widget\" data-widget_type=\"heading.default\">\n\t\t\t\t<div class=\"elementor-widget-container\">\n\t\t\t\t\t<h2 class=\"elementor-heading-title elementor-size-default\">- Trucades il\u00b7limitades + 30 GB -<\/h2>\t\t\t\t<\/div>\n\t\t\t\t<\/div>\n\t\t\t\t<div class=\"elementor-element elementor-element-7aa09854 elementor-widget__width-initial elementor-absolute elementor-widget elementor-widget-spacer\" data-id=\"7aa09854\" data-element_type=\"widget\" data-e-type=\"widget\" data-settings=\"{&quot;_position&quot;:&quot;absolute&quot;}\" data-widget_type=\"spacer.default\">\n\t\t\t\t<div class=\"elementor-widget-container\">\n\t\t\t\t\t\t\t<div class=\"elementor-spacer\">\n\t\t\t<div class=\"elementor-spacer-inner\"><\/div>\n\t\t<\/div>\n\t\t\t\t\t\t<\/div>\n\t\t\t\t<\/div>\n\t\t\t\t<div class=\"elementor-element elementor-element-37485002 elementor-widget__width-initial elementor-absolute elementor-widget elementor-widget-spacer\" data-id=\"37485002\" data-element_type=\"widget\" data-e-type=\"widget\" data-settings=\"{&quot;_position&quot;:&quot;absolute&quot;}\" data-widget_type=\"spacer.default\">\n\t\t\t\t<div class=\"elementor-widget-container\">\n\t\t\t\t\t\t\t<div class=\"elementor-spacer\">\n\t\t\t<div class=\"elementor-spacer-inner\"><\/div>\n\t\t<\/div>\n\t\t\t\t\t\t<\/div>\n\t\t\t\t<\/div>\n\t\t\t\t<div class=\"elementor-element elementor-element-cd2bc13 elementor-widget__width-initial elementor-widget-tablet__width-initial elementor-absolute elementor-widget elementor-widget-spacer\" data-id=\"cd2bc13\" data-element_type=\"widget\" data-e-type=\"widget\" data-settings=\"{&quot;_position&quot;:&quot;absolute&quot;}\" data-widget_type=\"spacer.default\">\n\t\t\t\t<div class=\"elementor-widget-container\">\n\t\t\t\t\t\t\t<div class=\"elementor-spacer\">\n\t\t\t<div class=\"elementor-spacer-inner\"><\/div>\n\t\t<\/div>\n\t\t\t\t\t\t<\/div>\n\t\t\t\t<\/div>\n\t\t\t\t<div class=\"elementor-element elementor-element-4e571e48 elementor-widget__width-initial elementor-widget-tablet__width-initial elementor-absolute elementor-widget elementor-widget-spacer\" data-id=\"4e571e48\" data-element_type=\"widget\" data-e-type=\"widget\" data-settings=\"{&quot;_position&quot;:&quot;absolute&quot;}\" data-widget_type=\"spacer.default\">\n\t\t\t\t<div class=\"elementor-widget-container\">\n\t\t\t\t\t\t\t<div class=\"elementor-spacer\">\n\t\t\t<div class=\"elementor-spacer-inner\"><\/div>\n\t\t<\/div>\n\t\t\t\t\t\t<\/div>\n\t\t\t\t<\/div>\n\t\t\t\t\t<\/div>\n\t\t<\/div>\n\t\t\t\t\t<\/div>\n\t\t<\/section>\n\t\t\t\t<section class=\"elementor-section elementor-top-section elementor-element elementor-element-c8cf579 elementor-section-boxed elementor-section-height-default elementor-section-height-default\" data-id=\"c8cf579\" data-element_type=\"section\" data-e-type=\"section\" data-settings=\"{&quot;background_background&quot;:&quot;classic&quot;}\">\n\t\t\t\t\t\t<div class=\"elementor-container elementor-column-gap-default\">\n\t\t\t\t\t<div class=\"elementor-column elementor-col-100 elementor-top-column elementor-element elementor-element-7228615e\" data-id=\"7228615e\" data-element_type=\"column\" data-e-type=\"column\">\n\t\t\t<div class=\"elementor-widget-wrap elementor-element-populated\">\n\t\t\t\t\t\t<section class=\"elementor-section elementor-inner-section elementor-element elementor-element-18d04836 elementor-section-boxed elementor-section-height-default elementor-section-height-default\" data-id=\"18d04836\" data-element_type=\"section\" data-e-type=\"section\">\n\t\t\t\t\t\t<div class=\"elementor-container elementor-column-gap-default\">\n\t\t\t\t\t<div class=\"elementor-column elementor-col-100 elementor-inner-column elementor-element elementor-element-42022acf\" data-id=\"42022acf\" data-element_type=\"column\" data-e-type=\"column\" data-settings=\"{&quot;background_background&quot;:&quot;classic&quot;}\">\n\t\t\t<div class=\"elementor-widget-wrap elementor-element-populated\">\n\t\t\t\t\t\t<div class=\"elementor-element elementor-element-1797ed17 elementor-widget__width-initial elementor-view-default elementor-widget elementor-widget-icon\" data-id=\"1797ed17\" data-element_type=\"widget\" data-e-type=\"widget\" data-widget_type=\"icon.default\">\n\t\t\t\t<div class=\"elementor-widget-container\">\n\t\t\t\t\t\t\t<div class=\"elementor-icon-wrapper\">\n\t\t\t<div class=\"elementor-icon\">\n\t\t\t<i aria-hidden=\"true\" class=\"fas fa-tasks\"><\/i>\t\t\t<\/div>\n\t\t<\/div>\n\t\t\t\t\t\t<\/div>\n\t\t\t\t<\/div>\n\t\t\t\t<div class=\"elementor-element elementor-element-344188d9 elementor-widget-divider--view-line elementor-widget elementor-widget-divider\" data-id=\"344188d9\" data-element_type=\"widget\" data-e-type=\"widget\" data-widget_type=\"divider.default\">\n\t\t\t\t<div class=\"elementor-widget-container\">\n\t\t\t\t\t\t\t<div class=\"elementor-divider\">\n\t\t\t<span class=\"elementor-divider-separator\">\n\t\t\t\t\t\t<\/span>\n\t\t<\/div>\n\t\t\t\t\t\t<\/div>\n\t\t\t\t<\/div>\n\t\t\t\t<div class=\"elementor-element elementor-element-7e9118b elementor-align-center elementor-icon-list--layout-traditional elementor-list-item-link-full_width elementor-widget elementor-widget-icon-list\" data-id=\"7e9118b\" data-element_type=\"widget\" data-e-type=\"widget\" data-widget_type=\"icon-list.default\">\n\t\t\t\t<div class=\"elementor-widget-container\">\n\t\t\t\t\t\t\t<ul class=\"elementor-icon-list-items\">\n\t\t\t\t\t\t\t<li class=\"elementor-icon-list-item\">\n\t\t\t\t\t\t\t\t\t\t\t<span class=\"elementor-icon-list-icon\">\n\t\t\t\t\t\t\t<i aria-hidden=\"true\" class=\"fas fa-check\"><\/i>\t\t\t\t\t\t<\/span>\n\t\t\t\t\t\t\t\t\t\t<span class=\"elementor-icon-list-text\">Dades m\u00f2bil 30 GB<\/span>\n\t\t\t\t\t\t\t\t\t<\/li>\n\t\t\t\t\t\t\t\t<li class=\"elementor-icon-list-item\">\n\t\t\t\t\t\t\t\t\t\t\t<span class=\"elementor-icon-list-icon\">\n\t\t\t\t\t\t\t<i aria-hidden=\"true\" class=\"fas fa-check\"><\/i>\t\t\t\t\t\t<\/span>\n\t\t\t\t\t\t\t\t\t\t<span class=\"elementor-icon-list-text\">Veu m\u00f2bil trucades Il\u00b7limitades (3.000 minuts)<\/span>\n\t\t\t\t\t\t\t\t\t<\/li>\n\t\t\t\t\t\t\t\t<li class=\"elementor-icon-list-item\">\n\t\t\t\t\t\t\t\t\t\t\t<span class=\"elementor-icon-list-icon\">\n\t\t\t\t\t\t\t<i aria-hidden=\"true\" class=\"fas fa-check\"><\/i>\t\t\t\t\t\t<\/span>\n\t\t\t\t\t\t\t\t\t\t<span class=\"elementor-icon-list-text\">Velocitat 2G, 3G, 4G, 4G+<\/span>\n\t\t\t\t\t\t\t\t\t<\/li>\n\t\t\t\t\t\t\t\t<li class=\"elementor-icon-list-item\">\n\t\t\t\t\t\t\t\t\t\t\t<span class=\"elementor-icon-list-icon\">\n\t\t\t\t\t\t\t<i aria-hidden=\"true\" class=\"fas fa-check\"><\/i>\t\t\t\t\t\t<\/span>\n\t\t\t\t\t\t\t\t\t\t<span class=\"elementor-icon-list-text\">Sense perman\u00e8ncia<\/span>\n\t\t\t\t\t\t\t\t\t<\/li>\n\t\t\t\t\t\t\t\t<li class=\"elementor-icon-list-item\">\n\t\t\t\t\t\t\t\t\t\t\t<span class=\"elementor-icon-list-icon\">\n\t\t\t\t\t\t\t<i aria-hidden=\"true\" class=\"fas fa-check\"><\/i>\t\t\t\t\t\t<\/span>\n\t\t\t\t\t\t\t\t\t\t<span class=\"elementor-icon-list-text\">Preus IVA\/IGIC incl\u00f2s<\/span>\n\t\t\t\t\t\t\t\t\t<\/li>\n\t\t\t\t\t\t<\/ul>\n\t\t\t\t\t\t<\/div>\n\t\t\t\t<\/div>\n\t\t\t\t<div class=\"elementor-element elementor-element-776a638 elementor-widget elementor-widget-text-editor\" data-id=\"776a638\" data-element_type=\"widget\" data-e-type=\"widget\" data-widget_type=\"text-editor.default\">\n\t\t\t\t<div class=\"elementor-widget-container\">\n\t\t\t\t\t\t\t\t\t<h3>Condicions<\/h3><ul><li>Et donem els millors preus i les millors condicions, per\u00f2 no permetem l&#8217;\u00fas fraudulent d&#8217;aquestes. Per a garantir que sempre tens la millor qualitat, no permetem l&#8217;\u00fas de les targetes SIM en routers, m\u00f2dems o altres dispositius de concentraci\u00f3 de tr\u00e0nsit, com tampoc el seu \u00fas compartint dades 24 hores al dia, o la major part del temps.<\/li><li>En consumir les dades de la teva tarifa, s&#8217;activa el Bo 1 Giga, que permet continuar navegant a baixa velocitat (16 Kbps.) sense costos addicionals.<\/li><li>Si es consumeix aquest Bo 1 Giga de baixa velocitat, les dades es desactiven fins al mes seg\u00fcent.<\/li><li>Trucades de veu: M\u00e0xim 150 destins per mes i 3000 minuts a fix i m\u00f2bil nacional.<\/li><li>Una vegada superats 150 destins es tarifar\u00e0 l&#8217;exc\u00e9s a 0,10 \u20ac\/minut i 0,20\u20ac d&#8217;establiment de trucada.<\/li><li>Excloses les trucades a serveis de tarifaci\u00f3 especial (901, 902, 70X, etc&#8230;), trucades internacionals i numeraci\u00f3 curta.<\/li><\/ul>\t\t\t\t\t\t\t\t<\/div>\n\t\t\t\t<\/div>\n\t\t\t\t\t<\/div>\n\t\t<\/div>\n\t\t\t\t\t<\/div>\n\t\t<\/section>\n\t\t\t\t\t<\/div>\n\t\t<\/div>\n\t\t\t\t\t<\/div>\n\t\t<\/section>\n\t\t\t\t<\/div>\n\t\t","protected":false},"excerpt":{"rendered":"<p>Tarifa wifinn 30 &#8211; Trucades il\u00b7limitades + 30 GB &#8211; Dades m\u00f2bil 30 GB Veu m\u00f2bil trucades Il\u00b7limitades (3.000 minuts) Velocitat 2G, 3G, 4G, 4G+ Sense perman\u00e8ncia Preus IVA\/IGIC incl\u00f2s Condicions Et donem els millors preus i les millors condicions, per\u00f2 no permetem l&#8217;\u00fas fraudulent d&#8217;aquestes. Per a garantir que sempre tens la millor qualitat, [&hellip;]<\/p>\n","protected":false},"author":1,"featured_media":0,"parent":167,"menu_order":0,"comment_status":"closed","ping_status":"closed","template":"elementor_header_footer","meta":{"footnotes":""},"class_list":["post-484","page","type-page","status-publish","hentry"],"yoast_head":"<!-- This site is optimized with the Yoast SEO plugin v27.6 - https:\/\/yoast.com\/product\/yoast-seo-wordpress\/ -->\n<title>Wifinn 30 - Wifinn, tarifes de dades m\u00f2bils a l&#039;Empord\u00e0<\/title>\n<meta name=\"description\" content=\"Tarifa Wifinn 30GB de dades m\u00f2bils i trucades il\u00b7limitades a l&#039;Empord\u00e0 per nom\u00e9s 12,70\u20ac. Contracta-la ARA al tel\u00e8fon \ud83d\udcde872 20 08 72\" \/>\n<meta name=\"robots\" content=\"index, follow, max-snippet:-1, max-image-preview:large, max-video-preview:-1\" \/>\n<link rel=\"canonical\" href=\"https:\/\/www.wifinn.net\/ca\/tarifes\/wifinn-30\/\" \/>\n<meta property=\"og:locale\" content=\"ca_ES\" \/>\n<meta property=\"og:type\" content=\"article\" \/>\n<meta property=\"og:title\" content=\"Wifinn 30 - Wifinn, tarifes de dades m\u00f2bils a l&#039;Empord\u00e0\" \/>\n<meta property=\"og:description\" content=\"Tarifa Wifinn 30GB de dades m\u00f2bils i trucades il\u00b7limitades a l&#039;Empord\u00e0 per nom\u00e9s 12,70\u20ac. Contracta-la ARA al tel\u00e8fon \ud83d\udcde872 20 08 72\" \/>\n<meta property=\"og:url\" content=\"https:\/\/www.wifinn.net\/ca\/tarifes\/wifinn-30\/\" \/>\n<meta property=\"og:site_name\" content=\"Wifinn\" \/>\n<meta property=\"article:modified_time\" content=\"2021-12-10T08:34:24+00:00\" \/>\n<meta name=\"twitter:card\" content=\"summary_large_image\" \/>\n<meta name=\"twitter:label1\" content=\"Temps estimat de lectura\" \/>\n\t<meta name=\"twitter:data1\" content=\"1 minut\" \/>\n<script type=\"application\/ld+json\" class=\"yoast-schema-graph\">{\"@context\":\"https:\\\/\\\/schema.org\",\"@graph\":[{\"@type\":\"WebPage\",\"@id\":\"https:\\\/\\\/www.wifinn.net\\\/ca\\\/tarifes\\\/wifinn-30\\\/\",\"url\":\"https:\\\/\\\/www.wifinn.net\\\/ca\\\/tarifes\\\/wifinn-30\\\/\",\"name\":\"Wifinn 30 - Wifinn, tarifes de dades m\u00f2bils a l'Empord\u00e0\",\"isPartOf\":{\"@id\":\"https:\\\/\\\/www.wifinn.net\\\/ca\\\/#website\"},\"datePublished\":\"2021-12-09T16:56:21+00:00\",\"dateModified\":\"2021-12-10T08:34:24+00:00\",\"description\":\"Tarifa Wifinn 30GB de dades m\u00f2bils i trucades il\u00b7limitades a l'Empord\u00e0 per nom\u00e9s 12,70\u20ac. Contracta-la ARA al tel\u00e8fon \ud83d\udcde872 20 08 72\",\"breadcrumb\":{\"@id\":\"https:\\\/\\\/www.wifinn.net\\\/ca\\\/tarifes\\\/wifinn-30\\\/#breadcrumb\"},\"inLanguage\":\"ca\",\"potentialAction\":[{\"@type\":\"ReadAction\",\"target\":[\"https:\\\/\\\/www.wifinn.net\\\/ca\\\/tarifes\\\/wifinn-30\\\/\"]}]},{\"@type\":\"BreadcrumbList\",\"@id\":\"https:\\\/\\\/www.wifinn.net\\\/ca\\\/tarifes\\\/wifinn-30\\\/#breadcrumb\",\"itemListElement\":[{\"@type\":\"ListItem\",\"position\":1,\"name\":\"Inici\",\"item\":\"https:\\\/\\\/www.wifinn.net\\\/ca\\\/\"},{\"@type\":\"ListItem\",\"position\":2,\"name\":\"Tarifes\",\"item\":\"https:\\\/\\\/www.wifinn.net\\\/ca\\\/tarifes\\\/\"},{\"@type\":\"ListItem\",\"position\":3,\"name\":\"Wifinn 30\"}]},{\"@type\":\"WebSite\",\"@id\":\"https:\\\/\\\/www.wifinn.net\\\/ca\\\/#website\",\"url\":\"https:\\\/\\\/www.wifinn.net\\\/ca\\\/\",\"name\":\"Wifinn\",\"description\":\"Instal\u00b7ladors de Fibra \u00d2ptica a l&#039;Alt Empord\u00e0\",\"publisher\":{\"@id\":\"https:\\\/\\\/www.wifinn.net\\\/ca\\\/#organization\"},\"potentialAction\":[{\"@type\":\"SearchAction\",\"target\":{\"@type\":\"EntryPoint\",\"urlTemplate\":\"https:\\\/\\\/www.wifinn.net\\\/ca\\\/?s={search_term_string}\"},\"query-input\":{\"@type\":\"PropertyValueSpecification\",\"valueRequired\":true,\"valueName\":\"search_term_string\"}}],\"inLanguage\":\"ca\"},{\"@type\":\"Organization\",\"@id\":\"https:\\\/\\\/www.wifinn.net\\\/ca\\\/#organization\",\"name\":\"Wifinn\",\"url\":\"https:\\\/\\\/www.wifinn.net\\\/ca\\\/\",\"logo\":{\"@type\":\"ImageObject\",\"inLanguage\":\"ca\",\"@id\":\"https:\\\/\\\/www.wifinn.net\\\/ca\\\/#\\\/schema\\\/logo\\\/image\\\/\",\"url\":\"https:\\\/\\\/www.wifinn.net\\\/wp-content\\\/uploads\\\/2021\\\/10\\\/wifinn-logo.png\",\"contentUrl\":\"https:\\\/\\\/www.wifinn.net\\\/wp-content\\\/uploads\\\/2021\\\/10\\\/wifinn-logo.png\",\"width\":735,\"height\":339,\"caption\":\"Wifinn\"},\"image\":{\"@id\":\"https:\\\/\\\/www.wifinn.net\\\/ca\\\/#\\\/schema\\\/logo\\\/image\\\/\"}}]}<\/script>\n<!-- \/ Yoast SEO plugin. -->","yoast_head_json":{"title":"Wifinn 30 - Wifinn, tarifes de dades m\u00f2bils a l'Empord\u00e0","description":"Tarifa Wifinn 30GB de dades m\u00f2bils i trucades il\u00b7limitades a l'Empord\u00e0 per nom\u00e9s 12,70\u20ac. Contracta-la ARA al tel\u00e8fon \ud83d\udcde872 20 08 72","robots":{"index":"index","follow":"follow","max-snippet":"max-snippet:-1","max-image-preview":"max-image-preview:large","max-video-preview":"max-video-preview:-1"},"canonical":"https:\/\/www.wifinn.net\/ca\/tarifes\/wifinn-30\/","og_locale":"ca_ES","og_type":"article","og_title":"Wifinn 30 - Wifinn, tarifes de dades m\u00f2bils a l'Empord\u00e0","og_description":"Tarifa Wifinn 30GB de dades m\u00f2bils i trucades il\u00b7limitades a l'Empord\u00e0 per nom\u00e9s 12,70\u20ac. Contracta-la ARA al tel\u00e8fon \ud83d\udcde872 20 08 72","og_url":"https:\/\/www.wifinn.net\/ca\/tarifes\/wifinn-30\/","og_site_name":"Wifinn","article_modified_time":"2021-12-10T08:34:24+00:00","twitter_card":"summary_large_image","twitter_misc":{"Temps estimat de lectura":"1 minut"},"schema":{"@context":"https:\/\/schema.org","@graph":[{"@type":"WebPage","@id":"https:\/\/www.wifinn.net\/ca\/tarifes\/wifinn-30\/","url":"https:\/\/www.wifinn.net\/ca\/tarifes\/wifinn-30\/","name":"Wifinn 30 - Wifinn, tarifes de dades m\u00f2bils a l'Empord\u00e0","isPartOf":{"@id":"https:\/\/www.wifinn.net\/ca\/#website"},"datePublished":"2021-12-09T16:56:21+00:00","dateModified":"2021-12-10T08:34:24+00:00","description":"Tarifa Wifinn 30GB de dades m\u00f2bils i trucades il\u00b7limitades a l'Empord\u00e0 per nom\u00e9s 12,70\u20ac. Contracta-la ARA al tel\u00e8fon \ud83d\udcde872 20 08 72","breadcrumb":{"@id":"https:\/\/www.wifinn.net\/ca\/tarifes\/wifinn-30\/#breadcrumb"},"inLanguage":"ca","potentialAction":[{"@type":"ReadAction","target":["https:\/\/www.wifinn.net\/ca\/tarifes\/wifinn-30\/"]}]},{"@type":"BreadcrumbList","@id":"https:\/\/www.wifinn.net\/ca\/tarifes\/wifinn-30\/#breadcrumb","itemListElement":[{"@type":"ListItem","position":1,"name":"Inici","item":"https:\/\/www.wifinn.net\/ca\/"},{"@type":"ListItem","position":2,"name":"Tarifes","item":"https:\/\/www.wifinn.net\/ca\/tarifes\/"},{"@type":"ListItem","position":3,"name":"Wifinn 30"}]},{"@type":"WebSite","@id":"https:\/\/www.wifinn.net\/ca\/#website","url":"https:\/\/www.wifinn.net\/ca\/","name":"Wifinn","description":"Instal\u00b7ladors de Fibra \u00d2ptica a l&#039;Alt Empord\u00e0","publisher":{"@id":"https:\/\/www.wifinn.net\/ca\/#organization"},"potentialAction":[{"@type":"SearchAction","target":{"@type":"EntryPoint","urlTemplate":"https:\/\/www.wifinn.net\/ca\/?s={search_term_string}"},"query-input":{"@type":"PropertyValueSpecification","valueRequired":true,"valueName":"search_term_string"}}],"inLanguage":"ca"},{"@type":"Organization","@id":"https:\/\/www.wifinn.net\/ca\/#organization","name":"Wifinn","url":"https:\/\/www.wifinn.net\/ca\/","logo":{"@type":"ImageObject","inLanguage":"ca","@id":"https:\/\/www.wifinn.net\/ca\/#\/schema\/logo\/image\/","url":"https:\/\/www.wifinn.net\/wp-content\/uploads\/2021\/10\/wifinn-logo.png","contentUrl":"https:\/\/www.wifinn.net\/wp-content\/uploads\/2021\/10\/wifinn-logo.png","width":735,"height":339,"caption":"Wifinn"},"image":{"@id":"https:\/\/www.wifinn.net\/ca\/#\/schema\/logo\/image\/"}}]}},"_links":{"self":[{"href":"https:\/\/www.wifinn.net\/ca\/wp-json\/wp\/v2\/pages\/484","targetHints":{"allow":["GET"]}}],"collection":[{"href":"https:\/\/www.wifinn.net\/ca\/wp-json\/wp\/v2\/pages"}],"about":[{"href":"https:\/\/www.wifinn.net\/ca\/wp-json\/wp\/v2\/types\/page"}],"author":[{"embeddable":true,"href":"https:\/\/www.wifinn.net\/ca\/wp-json\/wp\/v2\/users\/1"}],"replies":[{"embeddable":true,"href":"https:\/\/www.wifinn.net\/ca\/wp-json\/wp\/v2\/comments?post=484"}],"version-history":[{"count":8,"href":"https:\/\/www.wifinn.net\/ca\/wp-json\/wp\/v2\/pages\/484\/revisions"}],"predecessor-version":[{"id":937,"href":"https:\/\/www.wifinn.net\/ca\/wp-json\/wp\/v2\/pages\/484\/revisions\/937"}],"up":[{"embeddable":true,"href":"https:\/\/www.wifinn.net\/ca\/wp-json\/wp\/v2\/pages\/167"}],"wp:attachment":[{"href":"https:\/\/www.wifinn.net\/ca\/wp-json\/wp\/v2\/media?parent=484"}],"curies":[{"name":"wp","href":"https:\/\/api.w.org\/{rel}","templated":true}]}}