{"id":143,"date":"2021-10-20T16:49:34","date_gmt":"2021-10-20T16:49:34","guid":{"rendered":"https:\/\/wifinn.cliccomunicacio.com\/?page_id=143"},"modified":"2021-12-10T08:18:17","modified_gmt":"2021-12-10T08:18:17","slug":"sobre-nosaltres","status":"publish","type":"page","link":"https:\/\/www.wifinn.net\/ca\/sobre-nosaltres\/","title":{"rendered":"Sobre nosaltres"},"content":{"rendered":"\t\t<div data-elementor-type=\"wp-page\" data-elementor-id=\"143\" class=\"elementor elementor-143\" data-elementor-post-type=\"page\">\n\t\t\t\t\t\t<section class=\"elementor-section elementor-top-section elementor-element elementor-element-19c2e378 elementor-section-height-min-height elementor-section-boxed elementor-section-height-default elementor-section-items-middle\" data-id=\"19c2e378\" data-element_type=\"section\" data-e-type=\"section\" data-settings=\"{&quot;background_background&quot;:&quot;gradient&quot;}\">\n\t\t\t\t\t\t\t<div class=\"elementor-background-overlay\"><\/div>\n\t\t\t\t\t\t\t<div class=\"elementor-container elementor-column-gap-default\">\n\t\t\t\t\t<div class=\"elementor-column elementor-col-100 elementor-top-column elementor-element elementor-element-c2220c\" data-id=\"c2220c\" data-element_type=\"column\" data-e-type=\"column\">\n\t\t\t<div class=\"elementor-widget-wrap elementor-element-populated\">\n\t\t\t\t\t\t<div class=\"elementor-element elementor-element-3a35fc7c elementor-widget elementor-widget-heading\" data-id=\"3a35fc7c\" data-element_type=\"widget\" data-e-type=\"widget\" data-widget_type=\"heading.default\">\n\t\t\t\t<div class=\"elementor-widget-container\">\n\t\t\t\t\t<h1 class=\"elementor-heading-title elementor-size-default\">Sobre nosaltres<\/h1>\t\t\t\t<\/div>\n\t\t\t\t<\/div>\n\t\t\t\t<div class=\"elementor-element elementor-element-6409339e elementor-widget__width-initial elementor-absolute elementor-widget elementor-widget-spacer\" data-id=\"6409339e\" data-element_type=\"widget\" data-e-type=\"widget\" data-settings=\"{&quot;_position&quot;:&quot;absolute&quot;}\" data-widget_type=\"spacer.default\">\n\t\t\t\t<div class=\"elementor-widget-container\">\n\t\t\t\t\t\t\t<div class=\"elementor-spacer\">\n\t\t\t<div class=\"elementor-spacer-inner\"><\/div>\n\t\t<\/div>\n\t\t\t\t\t\t<\/div>\n\t\t\t\t<\/div>\n\t\t\t\t<div class=\"elementor-element elementor-element-8e48f7 elementor-widget__width-initial elementor-absolute elementor-widget elementor-widget-spacer\" data-id=\"8e48f7\" data-element_type=\"widget\" data-e-type=\"widget\" data-settings=\"{&quot;_position&quot;:&quot;absolute&quot;}\" data-widget_type=\"spacer.default\">\n\t\t\t\t<div class=\"elementor-widget-container\">\n\t\t\t\t\t\t\t<div class=\"elementor-spacer\">\n\t\t\t<div class=\"elementor-spacer-inner\"><\/div>\n\t\t<\/div>\n\t\t\t\t\t\t<\/div>\n\t\t\t\t<\/div>\n\t\t\t\t<div class=\"elementor-element elementor-element-3e2cbad3 elementor-widget__width-initial elementor-widget-tablet__width-initial elementor-absolute elementor-widget elementor-widget-spacer\" data-id=\"3e2cbad3\" data-element_type=\"widget\" data-e-type=\"widget\" data-settings=\"{&quot;_position&quot;:&quot;absolute&quot;}\" data-widget_type=\"spacer.default\">\n\t\t\t\t<div class=\"elementor-widget-container\">\n\t\t\t\t\t\t\t<div class=\"elementor-spacer\">\n\t\t\t<div class=\"elementor-spacer-inner\"><\/div>\n\t\t<\/div>\n\t\t\t\t\t\t<\/div>\n\t\t\t\t<\/div>\n\t\t\t\t<div class=\"elementor-element elementor-element-746dd114 elementor-widget__width-initial elementor-widget-tablet__width-initial elementor-absolute elementor-widget elementor-widget-spacer\" data-id=\"746dd114\" data-element_type=\"widget\" data-e-type=\"widget\" data-settings=\"{&quot;_position&quot;:&quot;absolute&quot;}\" data-widget_type=\"spacer.default\">\n\t\t\t\t<div class=\"elementor-widget-container\">\n\t\t\t\t\t\t\t<div class=\"elementor-spacer\">\n\t\t\t<div class=\"elementor-spacer-inner\"><\/div>\n\t\t<\/div>\n\t\t\t\t\t\t<\/div>\n\t\t\t\t<\/div>\n\t\t\t\t\t<\/div>\n\t\t<\/div>\n\t\t\t\t\t<\/div>\n\t\t<\/section>\n\t\t\t\t<section class=\"elementor-section elementor-top-section elementor-element elementor-element-37a95a5b elementor-reverse-tablet elementor-section-boxed elementor-section-height-default elementor-section-height-default\" data-id=\"37a95a5b\" data-element_type=\"section\" data-e-type=\"section\" data-settings=\"{&quot;background_background&quot;:&quot;classic&quot;}\">\n\t\t\t\t\t\t<div class=\"elementor-container elementor-column-gap-no\">\n\t\t\t\t\t<div class=\"elementor-column elementor-col-50 elementor-top-column elementor-element elementor-element-396dac91\" data-id=\"396dac91\" data-element_type=\"column\" data-e-type=\"column\">\n\t\t\t<div class=\"elementor-widget-wrap elementor-element-populated\">\n\t\t\t\t\t\t<div class=\"elementor-element elementor-element-6b03fbef elementor-widget elementor-widget-image\" data-id=\"6b03fbef\" data-element_type=\"widget\" data-e-type=\"widget\" data-widget_type=\"image.default\">\n\t\t\t\t<div class=\"elementor-widget-container\">\n\t\t\t\t\t\t\t\t\t\t\t\t\t\t\t<img fetchpriority=\"high\" decoding=\"async\" width=\"800\" height=\"893\" src=\"https:\/\/www.wifinn.net\/wp-content\/uploads\/2021\/10\/fibra-i-movil-alt-emporda.png\" class=\"attachment-large size-large wp-image-154\" alt=\"fibra i movil alt emporda\" srcset=\"https:\/\/www.wifinn.net\/wp-content\/uploads\/2021\/10\/fibra-i-movil-alt-emporda.png 900w, https:\/\/www.wifinn.net\/wp-content\/uploads\/2021\/10\/fibra-i-movil-alt-emporda-269x300.png 269w, https:\/\/www.wifinn.net\/wp-content\/uploads\/2021\/10\/fibra-i-movil-alt-emporda-768x858.png 768w\" sizes=\"(max-width: 800px) 100vw, 800px\" \/>\t\t\t\t\t\t\t\t\t\t\t\t\t\t\t<\/div>\n\t\t\t\t<\/div>\n\t\t\t\t\t<\/div>\n\t\t<\/div>\n\t\t\t\t<div class=\"elementor-column elementor-col-50 elementor-top-column elementor-element elementor-element-3d5c32eb\" data-id=\"3d5c32eb\" data-element_type=\"column\" data-e-type=\"column\" data-settings=\"{&quot;background_background&quot;:&quot;classic&quot;}\">\n\t\t\t<div class=\"elementor-widget-wrap elementor-element-populated\">\n\t\t\t\t\t\t<div class=\"elementor-element elementor-element-3db93149 elementor-widget elementor-widget-heading\" data-id=\"3db93149\" data-element_type=\"widget\" data-e-type=\"widget\" data-widget_type=\"heading.default\">\n\t\t\t\t<div class=\"elementor-widget-container\">\n\t\t\t\t\t<span class=\"elementor-heading-title elementor-size-default\">Instal\u00b7ladors i prove\u00efdors de fibra \u00f2ptica a l'Alt Empord\u00e0<\/span>\t\t\t\t<\/div>\n\t\t\t\t<\/div>\n\t\t\t\t<div class=\"elementor-element elementor-element-38fef756 elementor-invisible elementor-widget elementor-widget-heading\" data-id=\"38fef756\" data-element_type=\"widget\" data-e-type=\"widget\" data-settings=\"{&quot;_animation&quot;:&quot;fadeInUp&quot;}\" data-widget_type=\"heading.default\">\n\t\t\t\t<div class=\"elementor-widget-container\">\n\t\t\t\t\t<h2 class=\"elementor-heading-title elementor-size-default\">Qu\u00e8 \u00e9s Wifinn?<\/h2>\t\t\t\t<\/div>\n\t\t\t\t<\/div>\n\t\t\t\t<div class=\"elementor-element elementor-element-2188497c elementor-widget elementor-widget-text-editor\" data-id=\"2188497c\" data-element_type=\"widget\" data-e-type=\"widget\" data-widget_type=\"text-editor.default\">\n\t\t\t\t<div class=\"elementor-widget-container\">\n\t\t\t\t\t\t\t\t\t<p><span id=\"result_box\">Som una empresa jove que vam comen\u00e7ar l&#8217;any 2011 muntant una petita infraestructura de repetidors que a poc a poc s&#8217;ha fet m\u00e9s gran cobrint gran part de l&#8217;Alt Empord\u00e0 i una petita part del Baix Empord\u00e0 i que dia a dia anirem ampliant.<\/span><\/p><p><span id=\"result_box\">Els nostres serveis estan pensats en internet de extraradi, \u00e9s a dir, en llocs on la connexi\u00f3 per cable no arriba o \u00e9s de mala qualitat.<\/span><\/p><p><span id=\"result_box\">Tamb\u00e9 oferim els nostres serveis per a empresa amb connexions punt a punt o VPN.<\/span><\/p><p>Tenim autoritzaci\u00f3 com a\u00a0<strong>Operador de Telecomunicacions<\/strong>\u00a0que otorga la\u00a0<strong>C.M.T. (Comisi\u00f3n del Mercado de las Telecomunicaciones)<\/strong>\u00a0com a\u00a0<span id=\"result_box\">prove\u00efdor<\/span>\u00a0d&#8217;acc\u00e9s a internet.(<a class=\"cm_anchor\" href=\"http:\/\/www.cmt.es\/comunicaciones-electronicas?p_p_id=formulario_operador&amp;p_p_lifecycle=0&amp;p_p_state=normal&amp;p_p_mode=view&amp;p_p_col_id=column-2&amp;p_p_col_pos=1&amp;p_p_col_count=2&amp;_formulario_operador_struts_action=%2fformulario_operador%2foperador&amp;_formulario_operador_categoria=comunicaciones_electronicas&amp;_formulario_operador_operador=indaleccius&amp;_formulario_operador_servicio=&amp;_formulario_operador_nif=&amp;_formulario_operador_nomComercial=&amp;_formulario_operador_idDetalle=B-55101430&amp;_formulario_operador_pagina=1\" target=\"_blank\" rel=\"noreferrer noopener\">registre CMT<\/a>).<\/p>\t\t\t\t\t\t\t\t<\/div>\n\t\t\t\t<\/div>\n\t\t\t\t<div class=\"elementor-element elementor-element-a811f93 elementor-widget elementor-widget-spacer\" data-id=\"a811f93\" data-element_type=\"widget\" data-e-type=\"widget\" data-widget_type=\"spacer.default\">\n\t\t\t\t<div class=\"elementor-widget-container\">\n\t\t\t\t\t\t\t<div class=\"elementor-spacer\">\n\t\t\t<div class=\"elementor-spacer-inner\"><\/div>\n\t\t<\/div>\n\t\t\t\t\t\t<\/div>\n\t\t\t\t<\/div>\n\t\t\t\t\t<\/div>\n\t\t<\/div>\n\t\t\t\t\t<\/div>\n\t\t<\/section>\n\t\t\t\t<\/div>\n\t\t","protected":false},"excerpt":{"rendered":"<p>Sobre nosaltres Instal\u00b7ladors i prove\u00efdors de fibra \u00f2ptica a l&#8217;Alt Empord\u00e0 Qu\u00e8 \u00e9s Wifinn? Som una empresa jove que vam comen\u00e7ar l&#8217;any 2011 muntant una petita infraestructura de repetidors que a poc a poc s&#8217;ha fet m\u00e9s gran cobrint gran part de l&#8217;Alt Empord\u00e0 i una petita part del Baix Empord\u00e0 i que dia a [&hellip;]<\/p>\n","protected":false},"author":1,"featured_media":154,"parent":0,"menu_order":0,"comment_status":"closed","ping_status":"closed","template":"","meta":{"footnotes":""},"class_list":["post-143","page","type-page","status-publish","has-post-thumbnail","hentry"],"yoast_head":"<!-- This site is optimized with the Yoast SEO plugin v27.6 - https:\/\/yoast.com\/product\/yoast-seo-wordpress\/ -->\n<title>Sobre nosaltres - Wifinn, instal\u00b7ladors de Fibra \u00d2ptica a l&#039;Alt Empord\u00e0<\/title>\n<meta name=\"description\" content=\"Som una empresa jove amb instal\u00b7lacions de fibra \u00f2ptica de gran velocitat a gran part de l\u2019Empord\u00e0 i que dia a dia anirem ampliant.\" \/>\n<meta name=\"robots\" content=\"index, follow, max-snippet:-1, max-image-preview:large, max-video-preview:-1\" \/>\n<link rel=\"canonical\" href=\"https:\/\/www.wifinn.net\/ca\/sobre-nosaltres\/\" \/>\n<meta property=\"og:locale\" content=\"ca_ES\" \/>\n<meta property=\"og:type\" content=\"article\" \/>\n<meta property=\"og:title\" content=\"Sobre nosaltres - Wifinn, instal\u00b7ladors de Fibra \u00d2ptica a l&#039;Alt Empord\u00e0\" \/>\n<meta property=\"og:description\" content=\"Som una empresa jove amb instal\u00b7lacions de fibra \u00f2ptica de gran velocitat a gran part de l\u2019Empord\u00e0 i que dia a dia anirem ampliant.\" \/>\n<meta property=\"og:url\" content=\"https:\/\/www.wifinn.net\/ca\/sobre-nosaltres\/\" \/>\n<meta property=\"og:site_name\" content=\"Wifinn\" \/>\n<meta property=\"article:modified_time\" content=\"2021-12-10T08:18:17+00:00\" \/>\n<meta property=\"og:image\" content=\"https:\/\/www.wifinn.net\/wp-content\/uploads\/2021\/10\/fibra-i-movil-alt-emporda.png\" \/>\n\t<meta property=\"og:image:width\" content=\"900\" \/>\n\t<meta property=\"og:image:height\" content=\"1005\" \/>\n\t<meta property=\"og:image:type\" content=\"image\/png\" \/>\n<meta name=\"twitter:card\" content=\"summary_large_image\" \/>\n<meta name=\"twitter:label1\" content=\"Temps estimat de lectura\" \/>\n\t<meta name=\"twitter:data1\" content=\"1 minut\" \/>\n<script type=\"application\/ld+json\" class=\"yoast-schema-graph\">{\"@context\":\"https:\\\/\\\/schema.org\",\"@graph\":[{\"@type\":\"WebPage\",\"@id\":\"https:\\\/\\\/www.wifinn.net\\\/ca\\\/sobre-nosaltres\\\/\",\"url\":\"https:\\\/\\\/www.wifinn.net\\\/ca\\\/sobre-nosaltres\\\/\",\"name\":\"Sobre nosaltres - Wifinn, instal\u00b7ladors de Fibra \u00d2ptica a l'Alt Empord\u00e0\",\"isPartOf\":{\"@id\":\"https:\\\/\\\/www.wifinn.net\\\/ca\\\/#website\"},\"primaryImageOfPage\":{\"@id\":\"https:\\\/\\\/www.wifinn.net\\\/ca\\\/sobre-nosaltres\\\/#primaryimage\"},\"image\":{\"@id\":\"https:\\\/\\\/www.wifinn.net\\\/ca\\\/sobre-nosaltres\\\/#primaryimage\"},\"thumbnailUrl\":\"https:\\\/\\\/www.wifinn.net\\\/wp-content\\\/uploads\\\/2021\\\/10\\\/fibra-i-movil-alt-emporda.png\",\"datePublished\":\"2021-10-20T16:49:34+00:00\",\"dateModified\":\"2021-12-10T08:18:17+00:00\",\"description\":\"Som una empresa jove amb instal\u00b7lacions de fibra \u00f2ptica de gran velocitat a gran part de l\u2019Empord\u00e0 i que dia a dia anirem ampliant.\",\"breadcrumb\":{\"@id\":\"https:\\\/\\\/www.wifinn.net\\\/ca\\\/sobre-nosaltres\\\/#breadcrumb\"},\"inLanguage\":\"ca\",\"potentialAction\":[{\"@type\":\"ReadAction\",\"target\":[\"https:\\\/\\\/www.wifinn.net\\\/ca\\\/sobre-nosaltres\\\/\"]}]},{\"@type\":\"ImageObject\",\"inLanguage\":\"ca\",\"@id\":\"https:\\\/\\\/www.wifinn.net\\\/ca\\\/sobre-nosaltres\\\/#primaryimage\",\"url\":\"https:\\\/\\\/www.wifinn.net\\\/wp-content\\\/uploads\\\/2021\\\/10\\\/fibra-i-movil-alt-emporda.png\",\"contentUrl\":\"https:\\\/\\\/www.wifinn.net\\\/wp-content\\\/uploads\\\/2021\\\/10\\\/fibra-i-movil-alt-emporda.png\",\"width\":900,\"height\":1005,\"caption\":\"fibra i movil alt emporda\"},{\"@type\":\"BreadcrumbList\",\"@id\":\"https:\\\/\\\/www.wifinn.net\\\/ca\\\/sobre-nosaltres\\\/#breadcrumb\",\"itemListElement\":[{\"@type\":\"ListItem\",\"position\":1,\"name\":\"Inici\",\"item\":\"https:\\\/\\\/www.wifinn.net\\\/ca\\\/\"},{\"@type\":\"ListItem\",\"position\":2,\"name\":\"Sobre nosaltres\"}]},{\"@type\":\"WebSite\",\"@id\":\"https:\\\/\\\/www.wifinn.net\\\/ca\\\/#website\",\"url\":\"https:\\\/\\\/www.wifinn.net\\\/ca\\\/\",\"name\":\"Wifinn\",\"description\":\"Instal\u00b7ladors de Fibra \u00d2ptica a l&#039;Alt Empord\u00e0\",\"publisher\":{\"@id\":\"https:\\\/\\\/www.wifinn.net\\\/ca\\\/#organization\"},\"potentialAction\":[{\"@type\":\"SearchAction\",\"target\":{\"@type\":\"EntryPoint\",\"urlTemplate\":\"https:\\\/\\\/www.wifinn.net\\\/ca\\\/?s={search_term_string}\"},\"query-input\":{\"@type\":\"PropertyValueSpecification\",\"valueRequired\":true,\"valueName\":\"search_term_string\"}}],\"inLanguage\":\"ca\"},{\"@type\":\"Organization\",\"@id\":\"https:\\\/\\\/www.wifinn.net\\\/ca\\\/#organization\",\"name\":\"Wifinn\",\"url\":\"https:\\\/\\\/www.wifinn.net\\\/ca\\\/\",\"logo\":{\"@type\":\"ImageObject\",\"inLanguage\":\"ca\",\"@id\":\"https:\\\/\\\/www.wifinn.net\\\/ca\\\/#\\\/schema\\\/logo\\\/image\\\/\",\"url\":\"https:\\\/\\\/www.wifinn.net\\\/wp-content\\\/uploads\\\/2021\\\/10\\\/wifinn-logo.png\",\"contentUrl\":\"https:\\\/\\\/www.wifinn.net\\\/wp-content\\\/uploads\\\/2021\\\/10\\\/wifinn-logo.png\",\"width\":735,\"height\":339,\"caption\":\"Wifinn\"},\"image\":{\"@id\":\"https:\\\/\\\/www.wifinn.net\\\/ca\\\/#\\\/schema\\\/logo\\\/image\\\/\"}}]}<\/script>\n<!-- \/ Yoast SEO plugin. -->","yoast_head_json":{"title":"Sobre nosaltres - Wifinn, instal\u00b7ladors de Fibra \u00d2ptica a l'Alt Empord\u00e0","description":"Som una empresa jove amb instal\u00b7lacions de fibra \u00f2ptica de gran velocitat a gran part de l\u2019Empord\u00e0 i que dia a dia anirem ampliant.","robots":{"index":"index","follow":"follow","max-snippet":"max-snippet:-1","max-image-preview":"max-image-preview:large","max-video-preview":"max-video-preview:-1"},"canonical":"https:\/\/www.wifinn.net\/ca\/sobre-nosaltres\/","og_locale":"ca_ES","og_type":"article","og_title":"Sobre nosaltres - Wifinn, instal\u00b7ladors de Fibra \u00d2ptica a l'Alt Empord\u00e0","og_description":"Som una empresa jove amb instal\u00b7lacions de fibra \u00f2ptica de gran velocitat a gran part de l\u2019Empord\u00e0 i que dia a dia anirem ampliant.","og_url":"https:\/\/www.wifinn.net\/ca\/sobre-nosaltres\/","og_site_name":"Wifinn","article_modified_time":"2021-12-10T08:18:17+00:00","og_image":[{"width":900,"height":1005,"url":"https:\/\/www.wifinn.net\/wp-content\/uploads\/2021\/10\/fibra-i-movil-alt-emporda.png","type":"image\/png"}],"twitter_card":"summary_large_image","twitter_misc":{"Temps estimat de lectura":"1 minut"},"schema":{"@context":"https:\/\/schema.org","@graph":[{"@type":"WebPage","@id":"https:\/\/www.wifinn.net\/ca\/sobre-nosaltres\/","url":"https:\/\/www.wifinn.net\/ca\/sobre-nosaltres\/","name":"Sobre nosaltres - Wifinn, instal\u00b7ladors de Fibra \u00d2ptica a l'Alt Empord\u00e0","isPartOf":{"@id":"https:\/\/www.wifinn.net\/ca\/#website"},"primaryImageOfPage":{"@id":"https:\/\/www.wifinn.net\/ca\/sobre-nosaltres\/#primaryimage"},"image":{"@id":"https:\/\/www.wifinn.net\/ca\/sobre-nosaltres\/#primaryimage"},"thumbnailUrl":"https:\/\/www.wifinn.net\/wp-content\/uploads\/2021\/10\/fibra-i-movil-alt-emporda.png","datePublished":"2021-10-20T16:49:34+00:00","dateModified":"2021-12-10T08:18:17+00:00","description":"Som una empresa jove amb instal\u00b7lacions de fibra \u00f2ptica de gran velocitat a gran part de l\u2019Empord\u00e0 i que dia a dia anirem ampliant.","breadcrumb":{"@id":"https:\/\/www.wifinn.net\/ca\/sobre-nosaltres\/#breadcrumb"},"inLanguage":"ca","potentialAction":[{"@type":"ReadAction","target":["https:\/\/www.wifinn.net\/ca\/sobre-nosaltres\/"]}]},{"@type":"ImageObject","inLanguage":"ca","@id":"https:\/\/www.wifinn.net\/ca\/sobre-nosaltres\/#primaryimage","url":"https:\/\/www.wifinn.net\/wp-content\/uploads\/2021\/10\/fibra-i-movil-alt-emporda.png","contentUrl":"https:\/\/www.wifinn.net\/wp-content\/uploads\/2021\/10\/fibra-i-movil-alt-emporda.png","width":900,"height":1005,"caption":"fibra i movil alt emporda"},{"@type":"BreadcrumbList","@id":"https:\/\/www.wifinn.net\/ca\/sobre-nosaltres\/#breadcrumb","itemListElement":[{"@type":"ListItem","position":1,"name":"Inici","item":"https:\/\/www.wifinn.net\/ca\/"},{"@type":"ListItem","position":2,"name":"Sobre nosaltres"}]},{"@type":"WebSite","@id":"https:\/\/www.wifinn.net\/ca\/#website","url":"https:\/\/www.wifinn.net\/ca\/","name":"Wifinn","description":"Instal\u00b7ladors de Fibra \u00d2ptica a l&#039;Alt Empord\u00e0","publisher":{"@id":"https:\/\/www.wifinn.net\/ca\/#organization"},"potentialAction":[{"@type":"SearchAction","target":{"@type":"EntryPoint","urlTemplate":"https:\/\/www.wifinn.net\/ca\/?s={search_term_string}"},"query-input":{"@type":"PropertyValueSpecification","valueRequired":true,"valueName":"search_term_string"}}],"inLanguage":"ca"},{"@type":"Organization","@id":"https:\/\/www.wifinn.net\/ca\/#organization","name":"Wifinn","url":"https:\/\/www.wifinn.net\/ca\/","logo":{"@type":"ImageObject","inLanguage":"ca","@id":"https:\/\/www.wifinn.net\/ca\/#\/schema\/logo\/image\/","url":"https:\/\/www.wifinn.net\/wp-content\/uploads\/2021\/10\/wifinn-logo.png","contentUrl":"https:\/\/www.wifinn.net\/wp-content\/uploads\/2021\/10\/wifinn-logo.png","width":735,"height":339,"caption":"Wifinn"},"image":{"@id":"https:\/\/www.wifinn.net\/ca\/#\/schema\/logo\/image\/"}}]}},"_links":{"self":[{"href":"https:\/\/www.wifinn.net\/ca\/wp-json\/wp\/v2\/pages\/143","targetHints":{"allow":["GET"]}}],"collection":[{"href":"https:\/\/www.wifinn.net\/ca\/wp-json\/wp\/v2\/pages"}],"about":[{"href":"https:\/\/www.wifinn.net\/ca\/wp-json\/wp\/v2\/types\/page"}],"author":[{"embeddable":true,"href":"https:\/\/www.wifinn.net\/ca\/wp-json\/wp\/v2\/users\/1"}],"replies":[{"embeddable":true,"href":"https:\/\/www.wifinn.net\/ca\/wp-json\/wp\/v2\/comments?post=143"}],"version-history":[{"count":13,"href":"https:\/\/www.wifinn.net\/ca\/wp-json\/wp\/v2\/pages\/143\/revisions"}],"predecessor-version":[{"id":928,"href":"https:\/\/www.wifinn.net\/ca\/wp-json\/wp\/v2\/pages\/143\/revisions\/928"}],"wp:featuredmedia":[{"embeddable":true,"href":"https:\/\/www.wifinn.net\/ca\/wp-json\/wp\/v2\/media\/154"}],"wp:attachment":[{"href":"https:\/\/www.wifinn.net\/ca\/wp-json\/wp\/v2\/media?parent=143"}],"curies":[{"name":"wp","href":"https:\/\/api.w.org\/{rel}","templated":true}]}}