{"id":116,"date":"2021-10-20T14:11:56","date_gmt":"2021-10-20T14:11:56","guid":{"rendered":"https:\/\/wifinn.cliccomunicacio.com\/?page_id=116"},"modified":"2023-10-05T11:32:21","modified_gmt":"2023-10-05T11:32:21","slug":"contacte","status":"publish","type":"page","link":"https:\/\/www.wifinn.net\/ca\/contacte\/","title":{"rendered":"Contacte"},"content":{"rendered":"\t\t<div data-elementor-type=\"wp-page\" data-elementor-id=\"116\" class=\"elementor elementor-116\" data-elementor-post-type=\"page\">\n\t\t\t\t\t\t<section class=\"elementor-section elementor-top-section elementor-element elementor-element-6ee48ac6 elementor-section-height-min-height elementor-section-boxed elementor-section-height-default elementor-section-items-middle\" data-id=\"6ee48ac6\" data-element_type=\"section\" data-e-type=\"section\" data-settings=\"{&quot;background_background&quot;:&quot;gradient&quot;}\">\n\t\t\t\t\t\t\t<div class=\"elementor-background-overlay\"><\/div>\n\t\t\t\t\t\t\t<div class=\"elementor-container elementor-column-gap-default\">\n\t\t\t\t\t<div class=\"elementor-column elementor-col-50 elementor-top-column elementor-element elementor-element-2d8f4ff8\" data-id=\"2d8f4ff8\" data-element_type=\"column\" data-e-type=\"column\">\n\t\t\t<div class=\"elementor-widget-wrap elementor-element-populated\">\n\t\t\t\t\t\t<div class=\"elementor-element elementor-element-7a80ecd9 elementor-widget elementor-widget-heading\" data-id=\"7a80ecd9\" data-element_type=\"widget\" data-e-type=\"widget\" data-widget_type=\"heading.default\">\n\t\t\t\t<div class=\"elementor-widget-container\">\n\t\t\t\t\t<h1 class=\"elementor-heading-title elementor-size-default\">Contacta amb nosaltres<\/h1>\t\t\t\t<\/div>\n\t\t\t\t<\/div>\n\t\t\t\t<div class=\"elementor-element elementor-element-4168196c elementor-widget elementor-widget-heading\" data-id=\"4168196c\" data-element_type=\"widget\" data-e-type=\"widget\" data-widget_type=\"heading.default\">\n\t\t\t\t<div class=\"elementor-widget-container\">\n\t\t\t\t\t<h3 class=\"elementor-heading-title elementor-size-default\">Contacta amb el nostre equip per resoldre tots els teus dubtes.<\/h3>\t\t\t\t<\/div>\n\t\t\t\t<\/div>\n\t\t\t\t<div class=\"elementor-element elementor-element-c542133 elementor-widget__width-initial elementor-absolute elementor-widget elementor-widget-spacer\" data-id=\"c542133\" data-element_type=\"widget\" data-e-type=\"widget\" data-settings=\"{&quot;_position&quot;:&quot;absolute&quot;}\" data-widget_type=\"spacer.default\">\n\t\t\t\t<div class=\"elementor-widget-container\">\n\t\t\t\t\t\t\t<div class=\"elementor-spacer\">\n\t\t\t<div class=\"elementor-spacer-inner\"><\/div>\n\t\t<\/div>\n\t\t\t\t\t\t<\/div>\n\t\t\t\t<\/div>\n\t\t\t\t<section class=\"elementor-section elementor-inner-section elementor-element elementor-element-b93020b elementor-section-boxed elementor-section-height-default elementor-section-height-default elementor-invisible\" data-id=\"b93020b\" data-element_type=\"section\" data-e-type=\"section\" data-settings=\"{&quot;animation&quot;:&quot;fadeIn&quot;,&quot;animation_delay&quot;:300}\">\n\t\t\t\t\t\t<div class=\"elementor-container elementor-column-gap-default\">\n\t\t\t\t\t<div class=\"elementor-column elementor-col-50 elementor-inner-column elementor-element elementor-element-a11bb05\" data-id=\"a11bb05\" data-element_type=\"column\" data-e-type=\"column\">\n\t\t\t<div class=\"elementor-widget-wrap elementor-element-populated\">\n\t\t\t\t\t\t<div class=\"elementor-element elementor-element-a813296 elementor-align-start elementor-icon-list--layout-traditional elementor-list-item-link-full_width elementor-widget elementor-widget-icon-list\" data-id=\"a813296\" data-element_type=\"widget\" data-e-type=\"widget\" data-widget_type=\"icon-list.default\">\n\t\t\t\t<div class=\"elementor-widget-container\">\n\t\t\t\t\t\t\t<ul class=\"elementor-icon-list-items\">\n\t\t\t\t\t\t\t<li class=\"elementor-icon-list-item\">\n\t\t\t\t\t\t\t\t\t\t<span class=\"elementor-icon-list-text\">\u2709 info@wifinn.net<\/span>\n\t\t\t\t\t\t\t\t\t<\/li>\n\t\t\t\t\t\t<\/ul>\n\t\t\t\t\t\t<\/div>\n\t\t\t\t<\/div>\n\t\t\t\t\t<\/div>\n\t\t<\/div>\n\t\t\t\t<div class=\"elementor-column elementor-col-50 elementor-inner-column elementor-element elementor-element-fb7a73e\" data-id=\"fb7a73e\" data-element_type=\"column\" data-e-type=\"column\">\n\t\t\t<div class=\"elementor-widget-wrap elementor-element-populated\">\n\t\t\t\t\t\t<div class=\"elementor-element elementor-element-d18fe50 elementor-align-start elementor-icon-list--layout-traditional elementor-list-item-link-full_width elementor-widget elementor-widget-icon-list\" data-id=\"d18fe50\" data-element_type=\"widget\" data-e-type=\"widget\" data-widget_type=\"icon-list.default\">\n\t\t\t\t<div class=\"elementor-widget-container\">\n\t\t\t\t\t\t\t<ul class=\"elementor-icon-list-items\">\n\t\t\t\t\t\t\t<li class=\"elementor-icon-list-item\">\n\t\t\t\t\t\t\t\t\t\t<span class=\"elementor-icon-list-text\">\ud83d\udcde 872 20 08 72&nbsp;&nbsp;<img decoding=\"async\" src=\"https:\/\/www.wifinn.net\/wp-content\/uploads\/2023\/10\/es.png\" width=\"25\">&nbsp;&nbsp;<img decoding=\"async\" src=\"https:\/\/www.wifinn.net\/wp-content\/uploads\/2023\/10\/ca.png\" width=\"25\"><\/span>\n\t\t\t\t\t\t\t\t\t<\/li>\n\t\t\t\t\t\t\t\t<li class=\"elementor-icon-list-item\">\n\t\t\t\t\t\t\t\t\t\t<span class=\"elementor-icon-list-text\">\ud83d\udcde 872 20 08 71&nbsp;&nbsp;<img decoding=\"async\" src=\"https:\/\/www.wifinn.net\/wp-content\/uploads\/2023\/10\/uk.png\" width=\"25\">&nbsp;&nbsp;<img decoding=\"async\" src=\"https:\/\/www.wifinn.net\/wp-content\/uploads\/2023\/10\/ge.png\" width=\"25\">&nbsp;&nbsp;<img decoding=\"async\" src=\"https:\/\/www.wifinn.net\/wp-content\/uploads\/2023\/10\/fr.png\" width=\"25\"><\/span>\n\t\t\t\t\t\t\t\t\t<\/li>\n\t\t\t\t\t\t<\/ul>\n\t\t\t\t\t\t<\/div>\n\t\t\t\t<\/div>\n\t\t\t\t\t<\/div>\n\t\t<\/div>\n\t\t\t\t\t<\/div>\n\t\t<\/section>\n\t\t\t\t\t<\/div>\n\t\t<\/div>\n\t\t\t\t<div class=\"elementor-column elementor-col-50 elementor-top-column elementor-element elementor-element-737f7fc2 elementor-invisible\" data-id=\"737f7fc2\" data-element_type=\"column\" data-e-type=\"column\" data-settings=\"{&quot;background_background&quot;:&quot;classic&quot;,&quot;animation&quot;:&quot;fadeInUp&quot;}\">\n\t\t\t<div class=\"elementor-widget-wrap elementor-element-populated\">\n\t\t\t\t\t\t<div class=\"elementor-element elementor-element-2a69ade2 elementor-button-align-stretch elementor-widget elementor-widget-form\" data-id=\"2a69ade2\" data-element_type=\"widget\" data-e-type=\"widget\" data-settings=\"{&quot;step_next_label&quot;:&quot;Next&quot;,&quot;step_previous_label&quot;:&quot;Previous&quot;,&quot;button_width&quot;:&quot;100&quot;,&quot;step_type&quot;:&quot;number_text&quot;,&quot;step_icon_shape&quot;:&quot;circle&quot;}\" data-widget_type=\"form.default\">\n\t\t\t\t<div class=\"elementor-widget-container\">\n\t\t\t\t\t\t\t<form class=\"elementor-form\" method=\"post\" name=\"Formulari contacte\" aria-label=\"Formulari contacte\">\n\t\t\t<input type=\"hidden\" name=\"post_id\" value=\"116\"\/>\n\t\t\t<input type=\"hidden\" name=\"form_id\" value=\"2a69ade2\"\/>\n\t\t\t<input type=\"hidden\" name=\"referer_title\" value=\"Contacte - Wifinn, instal\u00b7ladors de Fibra \u00d2ptica a l&#039;Alt Empord\u00e0\" \/>\n\n\t\t\t\t\t\t\t<input type=\"hidden\" name=\"queried_id\" value=\"116\"\/>\n\t\t\t\n\t\t\t<div class=\"elementor-form-fields-wrapper elementor-labels-\">\n\t\t\t\t\t\t\t\t<div class=\"elementor-field-type-text elementor-field-group elementor-column elementor-field-group-name elementor-col-50 elementor-field-required\">\n\t\t\t\t\t\t\t\t\t\t\t\t<label for=\"form-field-name\" class=\"elementor-field-label elementor-screen-only\">\n\t\t\t\t\t\t\t\tNom\t\t\t\t\t\t\t<\/label>\n\t\t\t\t\t\t\t\t\t\t\t\t\t\t<input size=\"1\" type=\"text\" name=\"form_fields[name]\" id=\"form-field-name\" class=\"elementor-field elementor-size-md  elementor-field-textual\" placeholder=\"Nom\" required=\"required\">\n\t\t\t\t\t\t\t\t\t\t\t<\/div>\n\t\t\t\t\t\t\t\t<div class=\"elementor-field-type-tel elementor-field-group elementor-column elementor-field-group-field_6e2bbc5 elementor-col-50 elementor-field-required\">\n\t\t\t\t\t\t\t\t\t\t\t\t<label for=\"form-field-field_6e2bbc5\" class=\"elementor-field-label elementor-screen-only\">\n\t\t\t\t\t\t\t\tTel\u00e8fon\t\t\t\t\t\t\t<\/label>\n\t\t\t\t\t\t\t\t<input size=\"1\" type=\"tel\" name=\"form_fields[field_6e2bbc5]\" id=\"form-field-field_6e2bbc5\" class=\"elementor-field elementor-size-md  elementor-field-textual\" placeholder=\"Tel\u00e8fon\" required=\"required\" pattern=\"[0-9()#&amp;+*-=.]+\" title=\"Only numbers and phone characters (#, -, *, etc) are accepted.\">\n\n\t\t\t\t\t\t<\/div>\n\t\t\t\t\t\t\t\t<div class=\"elementor-field-type-email elementor-field-group elementor-column elementor-field-group-email elementor-col-100 elementor-field-required\">\n\t\t\t\t\t\t\t\t\t\t\t\t<label for=\"form-field-email\" class=\"elementor-field-label elementor-screen-only\">\n\t\t\t\t\t\t\t\tEmail\t\t\t\t\t\t\t<\/label>\n\t\t\t\t\t\t\t\t\t\t\t\t\t\t<input size=\"1\" type=\"email\" name=\"form_fields[email]\" id=\"form-field-email\" class=\"elementor-field elementor-size-md  elementor-field-textual\" placeholder=\"Email\" required=\"required\">\n\t\t\t\t\t\t\t\t\t\t\t<\/div>\n\t\t\t\t\t\t\t\t<div class=\"elementor-field-type-textarea elementor-field-group elementor-column elementor-field-group-message elementor-col-100 elementor-field-required\">\n\t\t\t\t\t\t\t\t\t\t\t\t<label for=\"form-field-message\" class=\"elementor-field-label elementor-screen-only\">\n\t\t\t\t\t\t\t\tMissatge\t\t\t\t\t\t\t<\/label>\n\t\t\t\t\t\t<textarea class=\"elementor-field-textual elementor-field  elementor-size-md\" name=\"form_fields[message]\" id=\"form-field-message\" rows=\"4\" placeholder=\"Missatge\" required=\"required\"><\/textarea>\t\t\t\t<\/div>\n\t\t\t\t\t\t\t\t<div class=\"elementor-field-type-acceptance elementor-field-group elementor-column elementor-field-group-field_1cd3b30 elementor-col-100 elementor-field-required\">\n\t\t\t\t\t\t\t\t\t\t\t\t<label for=\"form-field-field_1cd3b30\" class=\"elementor-field-label elementor-screen-only\">\n\t\t\t\t\t\t\t\tPolitica de privacitat\t\t\t\t\t\t\t<\/label>\n\t\t\t\t\t\t\t\t<div class=\"elementor-field-subgroup\">\n\t\t\t<span class=\"elementor-field-option\">\n\t\t\t\t<input type=\"checkbox\" name=\"form_fields[field_1cd3b30]\" id=\"form-field-field_1cd3b30\" class=\"elementor-field elementor-size-md  elementor-acceptance-field\" required=\"required\">\n\t\t\t\t<label for=\"form-field-field_1cd3b30\"><span style=\"color:#FFF\">Confirmo que he llegit i accepto la politica de privacitat.<\/span><\/label>\t\t\t<\/span>\n\t\t<\/div>\n\t\t\t\t\t\t<\/div>\n\t\t\t\t\t\t\t\t<div class=\"elementor-field-type-recaptcha elementor-field-group elementor-column elementor-field-group-field_62363a4 elementor-col-100\">\n\t\t\t\t\t<div class=\"elementor-field\" id=\"form-field-field_62363a4\"><div class=\"elementor-g-recaptcha\" data-sitekey=\"6Lef9S4iAAAAACddHP-yw38Sagn4I6zNcfwEfA-I\" data-type=\"v2_checkbox\" data-theme=\"light\" data-size=\"normal\"><\/div><\/div>\t\t\t\t<\/div>\n\t\t\t\t\t\t\t\t<div class=\"elementor-field-group elementor-column elementor-field-type-submit elementor-col-100 e-form__buttons\">\n\t\t\t\t\t<button class=\"elementor-button elementor-size-md elementor-animation-hang\" type=\"submit\">\n\t\t\t\t\t\t<span class=\"elementor-button-content-wrapper\">\n\t\t\t\t\t\t\t\t\t\t\t\t\t\t\t\t\t\t\t\t\t\t<span class=\"elementor-button-text\">Enviar<\/span>\n\t\t\t\t\t\t\t\t\t\t\t\t\t<\/span>\n\t\t\t\t\t<\/button>\n\t\t\t\t<\/div>\n\t\t\t<\/div>\n\t\t<\/form>\n\t\t\t\t\t\t<\/div>\n\t\t\t\t<\/div>\n\t\t\t\t\t<\/div>\n\t\t<\/div>\n\t\t\t\t\t<\/div>\n\t\t<\/section>\n\t\t\t\t<section class=\"elementor-section elementor-top-section elementor-element elementor-element-90214e elementor-section-boxed elementor-section-height-default elementor-section-height-default\" data-id=\"90214e\" data-element_type=\"section\" data-e-type=\"section\" data-settings=\"{&quot;background_background&quot;:&quot;classic&quot;}\">\n\t\t\t\t\t\t<div class=\"elementor-container elementor-column-gap-default\">\n\t\t\t\t\t<div class=\"elementor-column elementor-col-50 elementor-top-column elementor-element elementor-element-bd40db5\" data-id=\"bd40db5\" data-element_type=\"column\" data-e-type=\"column\">\n\t\t\t<div class=\"elementor-widget-wrap elementor-element-populated\">\n\t\t\t\t\t\t<div class=\"elementor-element elementor-element-1581e334 elementor-widget elementor-widget-image\" data-id=\"1581e334\" data-element_type=\"widget\" data-e-type=\"widget\" data-widget_type=\"image.default\">\n\t\t\t\t<div class=\"elementor-widget-container\">\n\t\t\t\t\t\t\t\t\t\t\t\t\t\t\t<img fetchpriority=\"high\" decoding=\"async\" width=\"800\" height=\"739\" src=\"https:\/\/www.wifinn.net\/wp-content\/uploads\/2021\/10\/new.png\" class=\"attachment-large size-large wp-image-123\" alt=\"\" srcset=\"https:\/\/www.wifinn.net\/wp-content\/uploads\/2021\/10\/new.png 850w, https:\/\/www.wifinn.net\/wp-content\/uploads\/2021\/10\/new-300x277.png 300w, https:\/\/www.wifinn.net\/wp-content\/uploads\/2021\/10\/new-768x709.png 768w\" sizes=\"(max-width: 800px) 100vw, 800px\" \/>\t\t\t\t\t\t\t\t\t\t\t\t\t\t\t<\/div>\n\t\t\t\t<\/div>\n\t\t\t\t\t<\/div>\n\t\t<\/div>\n\t\t\t\t<div class=\"elementor-column elementor-col-50 elementor-top-column elementor-element elementor-element-1e152833\" data-id=\"1e152833\" data-element_type=\"column\" data-e-type=\"column\">\n\t\t\t<div class=\"elementor-widget-wrap elementor-element-populated\">\n\t\t\t\t\t\t<div class=\"elementor-element elementor-element-1e8980e6 elementor-widget elementor-widget-heading\" data-id=\"1e8980e6\" data-element_type=\"widget\" data-e-type=\"widget\" data-widget_type=\"heading.default\">\n\t\t\t\t<div class=\"elementor-widget-container\">\n\t\t\t\t\t<span class=\"elementor-heading-title elementor-size-default\">Un equip disposat a ajudar-te<\/span>\t\t\t\t<\/div>\n\t\t\t\t<\/div>\n\t\t\t\t<div class=\"elementor-element elementor-element-7a7fe5c5 elementor-widget elementor-widget-heading\" data-id=\"7a7fe5c5\" data-element_type=\"widget\" data-e-type=\"widget\" data-widget_type=\"heading.default\">\n\t\t\t\t<div class=\"elementor-widget-container\">\n\t\t\t\t\t<h2 class=\"elementor-heading-title elementor-size-default\">Suport i consultes a trav\u00e9s del nostre sistema de tickets.<\/h2>\t\t\t\t<\/div>\n\t\t\t\t<\/div>\n\t\t\t\t\t<\/div>\n\t\t<\/div>\n\t\t\t\t\t<\/div>\n\t\t<\/section>\n\t\t\t\t<\/div>\n\t\t","protected":false},"excerpt":{"rendered":"<p>Contacta amb nosaltres Contacta amb el nostre equip per resoldre tots els teus dubtes. \u2709 info@wifinn.net \ud83d\udcde 872 20 08 72&nbsp;&nbsp;&nbsp;&nbsp; \ud83d\udcde 872 20 08 71&nbsp;&nbsp;&nbsp;&nbsp;&nbsp;&nbsp; Un equip disposat a ajudar-te Suport i consultes a trav\u00e9s del nostre sistema de tickets.<\/p>\n","protected":false},"author":1,"featured_media":123,"parent":0,"menu_order":0,"comment_status":"closed","ping_status":"closed","template":"","meta":{"footnotes":""},"class_list":["post-116","page","type-page","status-publish","has-post-thumbnail","hentry"],"yoast_head":"<!-- This site is optimized with the Yoast SEO plugin v27.6 - https:\/\/yoast.com\/product\/yoast-seo-wordpress\/ -->\n<title>Contacte - Wifinn, instal\u00b7ladors de Fibra \u00d2ptica a l&#039;Alt Empord\u00e0<\/title>\n<meta name=\"description\" content=\"Truca ara a Wifinn i informa&#039;t sobre les nostres tarifes de fibra i m\u00f2bil a l&#039;Alt Empord\u00e0. Tria la tarifa que millor s&#039;adapti a tu!\" \/>\n<meta name=\"robots\" content=\"index, follow, max-snippet:-1, max-image-preview:large, max-video-preview:-1\" \/>\n<link rel=\"canonical\" href=\"https:\/\/www.wifinn.net\/ca\/contacte\/\" \/>\n<meta property=\"og:locale\" content=\"ca_ES\" \/>\n<meta property=\"og:type\" content=\"article\" \/>\n<meta property=\"og:title\" content=\"Contacte - Wifinn, instal\u00b7ladors de Fibra \u00d2ptica a l&#039;Alt Empord\u00e0\" \/>\n<meta property=\"og:description\" content=\"Truca ara a Wifinn i informa&#039;t sobre les nostres tarifes de fibra i m\u00f2bil a l&#039;Alt Empord\u00e0. Tria la tarifa que millor s&#039;adapti a tu!\" \/>\n<meta property=\"og:url\" content=\"https:\/\/www.wifinn.net\/ca\/contacte\/\" \/>\n<meta property=\"og:site_name\" content=\"Wifinn\" \/>\n<meta property=\"article:modified_time\" content=\"2023-10-05T11:32:21+00:00\" \/>\n<meta property=\"og:image\" content=\"https:\/\/www.wifinn.net\/wp-content\/uploads\/2021\/10\/new.png\" \/>\n\t<meta property=\"og:image:width\" content=\"850\" \/>\n\t<meta property=\"og:image:height\" content=\"785\" \/>\n\t<meta property=\"og:image:type\" content=\"image\/png\" \/>\n<meta name=\"twitter:card\" content=\"summary_large_image\" \/>\n<meta name=\"twitter:label1\" content=\"Temps estimat de lectura\" \/>\n\t<meta name=\"twitter:data1\" content=\"3 minuts\" \/>\n<script type=\"application\/ld+json\" class=\"yoast-schema-graph\">{\"@context\":\"https:\\\/\\\/schema.org\",\"@graph\":[{\"@type\":\"WebPage\",\"@id\":\"https:\\\/\\\/www.wifinn.net\\\/ca\\\/contacte\\\/\",\"url\":\"https:\\\/\\\/www.wifinn.net\\\/ca\\\/contacte\\\/\",\"name\":\"Contacte - Wifinn, instal\u00b7ladors de Fibra \u00d2ptica a l'Alt Empord\u00e0\",\"isPartOf\":{\"@id\":\"https:\\\/\\\/www.wifinn.net\\\/ca\\\/#website\"},\"primaryImageOfPage\":{\"@id\":\"https:\\\/\\\/www.wifinn.net\\\/ca\\\/contacte\\\/#primaryimage\"},\"image\":{\"@id\":\"https:\\\/\\\/www.wifinn.net\\\/ca\\\/contacte\\\/#primaryimage\"},\"thumbnailUrl\":\"https:\\\/\\\/www.wifinn.net\\\/wp-content\\\/uploads\\\/2021\\\/10\\\/new.png\",\"datePublished\":\"2021-10-20T14:11:56+00:00\",\"dateModified\":\"2023-10-05T11:32:21+00:00\",\"description\":\"Truca ara a Wifinn i informa't sobre les nostres tarifes de fibra i m\u00f2bil a l'Alt Empord\u00e0. Tria la tarifa que millor s'adapti a tu!\",\"breadcrumb\":{\"@id\":\"https:\\\/\\\/www.wifinn.net\\\/ca\\\/contacte\\\/#breadcrumb\"},\"inLanguage\":\"ca\",\"potentialAction\":[{\"@type\":\"ReadAction\",\"target\":[\"https:\\\/\\\/www.wifinn.net\\\/ca\\\/contacte\\\/\"]}]},{\"@type\":\"ImageObject\",\"inLanguage\":\"ca\",\"@id\":\"https:\\\/\\\/www.wifinn.net\\\/ca\\\/contacte\\\/#primaryimage\",\"url\":\"https:\\\/\\\/www.wifinn.net\\\/wp-content\\\/uploads\\\/2021\\\/10\\\/new.png\",\"contentUrl\":\"https:\\\/\\\/www.wifinn.net\\\/wp-content\\\/uploads\\\/2021\\\/10\\\/new.png\",\"width\":850,\"height\":785},{\"@type\":\"BreadcrumbList\",\"@id\":\"https:\\\/\\\/www.wifinn.net\\\/ca\\\/contacte\\\/#breadcrumb\",\"itemListElement\":[{\"@type\":\"ListItem\",\"position\":1,\"name\":\"Inici\",\"item\":\"https:\\\/\\\/www.wifinn.net\\\/ca\\\/\"},{\"@type\":\"ListItem\",\"position\":2,\"name\":\"Contacte\"}]},{\"@type\":\"WebSite\",\"@id\":\"https:\\\/\\\/www.wifinn.net\\\/ca\\\/#website\",\"url\":\"https:\\\/\\\/www.wifinn.net\\\/ca\\\/\",\"name\":\"Wifinn\",\"description\":\"Instal\u00b7ladors de Fibra \u00d2ptica a l&#039;Alt Empord\u00e0\",\"publisher\":{\"@id\":\"https:\\\/\\\/www.wifinn.net\\\/ca\\\/#organization\"},\"potentialAction\":[{\"@type\":\"SearchAction\",\"target\":{\"@type\":\"EntryPoint\",\"urlTemplate\":\"https:\\\/\\\/www.wifinn.net\\\/ca\\\/?s={search_term_string}\"},\"query-input\":{\"@type\":\"PropertyValueSpecification\",\"valueRequired\":true,\"valueName\":\"search_term_string\"}}],\"inLanguage\":\"ca\"},{\"@type\":\"Organization\",\"@id\":\"https:\\\/\\\/www.wifinn.net\\\/ca\\\/#organization\",\"name\":\"Wifinn\",\"url\":\"https:\\\/\\\/www.wifinn.net\\\/ca\\\/\",\"logo\":{\"@type\":\"ImageObject\",\"inLanguage\":\"ca\",\"@id\":\"https:\\\/\\\/www.wifinn.net\\\/ca\\\/#\\\/schema\\\/logo\\\/image\\\/\",\"url\":\"https:\\\/\\\/www.wifinn.net\\\/wp-content\\\/uploads\\\/2021\\\/10\\\/wifinn-logo.png\",\"contentUrl\":\"https:\\\/\\\/www.wifinn.net\\\/wp-content\\\/uploads\\\/2021\\\/10\\\/wifinn-logo.png\",\"width\":735,\"height\":339,\"caption\":\"Wifinn\"},\"image\":{\"@id\":\"https:\\\/\\\/www.wifinn.net\\\/ca\\\/#\\\/schema\\\/logo\\\/image\\\/\"}}]}<\/script>\n<!-- \/ Yoast SEO plugin. -->","yoast_head_json":{"title":"Contacte - Wifinn, instal\u00b7ladors de Fibra \u00d2ptica a l'Alt Empord\u00e0","description":"Truca ara a Wifinn i informa't sobre les nostres tarifes de fibra i m\u00f2bil a l'Alt Empord\u00e0. Tria la tarifa que millor s'adapti a tu!","robots":{"index":"index","follow":"follow","max-snippet":"max-snippet:-1","max-image-preview":"max-image-preview:large","max-video-preview":"max-video-preview:-1"},"canonical":"https:\/\/www.wifinn.net\/ca\/contacte\/","og_locale":"ca_ES","og_type":"article","og_title":"Contacte - Wifinn, instal\u00b7ladors de Fibra \u00d2ptica a l'Alt Empord\u00e0","og_description":"Truca ara a Wifinn i informa't sobre les nostres tarifes de fibra i m\u00f2bil a l'Alt Empord\u00e0. Tria la tarifa que millor s'adapti a tu!","og_url":"https:\/\/www.wifinn.net\/ca\/contacte\/","og_site_name":"Wifinn","article_modified_time":"2023-10-05T11:32:21+00:00","og_image":[{"width":850,"height":785,"url":"https:\/\/www.wifinn.net\/wp-content\/uploads\/2021\/10\/new.png","type":"image\/png"}],"twitter_card":"summary_large_image","twitter_misc":{"Temps estimat de lectura":"3 minuts"},"schema":{"@context":"https:\/\/schema.org","@graph":[{"@type":"WebPage","@id":"https:\/\/www.wifinn.net\/ca\/contacte\/","url":"https:\/\/www.wifinn.net\/ca\/contacte\/","name":"Contacte - Wifinn, instal\u00b7ladors de Fibra \u00d2ptica a l'Alt Empord\u00e0","isPartOf":{"@id":"https:\/\/www.wifinn.net\/ca\/#website"},"primaryImageOfPage":{"@id":"https:\/\/www.wifinn.net\/ca\/contacte\/#primaryimage"},"image":{"@id":"https:\/\/www.wifinn.net\/ca\/contacte\/#primaryimage"},"thumbnailUrl":"https:\/\/www.wifinn.net\/wp-content\/uploads\/2021\/10\/new.png","datePublished":"2021-10-20T14:11:56+00:00","dateModified":"2023-10-05T11:32:21+00:00","description":"Truca ara a Wifinn i informa't sobre les nostres tarifes de fibra i m\u00f2bil a l'Alt Empord\u00e0. Tria la tarifa que millor s'adapti a tu!","breadcrumb":{"@id":"https:\/\/www.wifinn.net\/ca\/contacte\/#breadcrumb"},"inLanguage":"ca","potentialAction":[{"@type":"ReadAction","target":["https:\/\/www.wifinn.net\/ca\/contacte\/"]}]},{"@type":"ImageObject","inLanguage":"ca","@id":"https:\/\/www.wifinn.net\/ca\/contacte\/#primaryimage","url":"https:\/\/www.wifinn.net\/wp-content\/uploads\/2021\/10\/new.png","contentUrl":"https:\/\/www.wifinn.net\/wp-content\/uploads\/2021\/10\/new.png","width":850,"height":785},{"@type":"BreadcrumbList","@id":"https:\/\/www.wifinn.net\/ca\/contacte\/#breadcrumb","itemListElement":[{"@type":"ListItem","position":1,"name":"Inici","item":"https:\/\/www.wifinn.net\/ca\/"},{"@type":"ListItem","position":2,"name":"Contacte"}]},{"@type":"WebSite","@id":"https:\/\/www.wifinn.net\/ca\/#website","url":"https:\/\/www.wifinn.net\/ca\/","name":"Wifinn","description":"Instal\u00b7ladors de Fibra \u00d2ptica a l&#039;Alt Empord\u00e0","publisher":{"@id":"https:\/\/www.wifinn.net\/ca\/#organization"},"potentialAction":[{"@type":"SearchAction","target":{"@type":"EntryPoint","urlTemplate":"https:\/\/www.wifinn.net\/ca\/?s={search_term_string}"},"query-input":{"@type":"PropertyValueSpecification","valueRequired":true,"valueName":"search_term_string"}}],"inLanguage":"ca"},{"@type":"Organization","@id":"https:\/\/www.wifinn.net\/ca\/#organization","name":"Wifinn","url":"https:\/\/www.wifinn.net\/ca\/","logo":{"@type":"ImageObject","inLanguage":"ca","@id":"https:\/\/www.wifinn.net\/ca\/#\/schema\/logo\/image\/","url":"https:\/\/www.wifinn.net\/wp-content\/uploads\/2021\/10\/wifinn-logo.png","contentUrl":"https:\/\/www.wifinn.net\/wp-content\/uploads\/2021\/10\/wifinn-logo.png","width":735,"height":339,"caption":"Wifinn"},"image":{"@id":"https:\/\/www.wifinn.net\/ca\/#\/schema\/logo\/image\/"}}]}},"_links":{"self":[{"href":"https:\/\/www.wifinn.net\/ca\/wp-json\/wp\/v2\/pages\/116","targetHints":{"allow":["GET"]}}],"collection":[{"href":"https:\/\/www.wifinn.net\/ca\/wp-json\/wp\/v2\/pages"}],"about":[{"href":"https:\/\/www.wifinn.net\/ca\/wp-json\/wp\/v2\/types\/page"}],"author":[{"embeddable":true,"href":"https:\/\/www.wifinn.net\/ca\/wp-json\/wp\/v2\/users\/1"}],"replies":[{"embeddable":true,"href":"https:\/\/www.wifinn.net\/ca\/wp-json\/wp\/v2\/comments?post=116"}],"version-history":[{"count":56,"href":"https:\/\/www.wifinn.net\/ca\/wp-json\/wp\/v2\/pages\/116\/revisions"}],"predecessor-version":[{"id":1432,"href":"https:\/\/www.wifinn.net\/ca\/wp-json\/wp\/v2\/pages\/116\/revisions\/1432"}],"wp:featuredmedia":[{"embeddable":true,"href":"https:\/\/www.wifinn.net\/ca\/wp-json\/wp\/v2\/media\/123"}],"wp:attachment":[{"href":"https:\/\/www.wifinn.net\/ca\/wp-json\/wp\/v2\/media?parent=116"}],"curies":[{"name":"wp","href":"https:\/\/api.w.org\/{rel}","templated":true}]}}