{"id":1069,"date":"2022-01-04T12:05:40","date_gmt":"2022-01-04T12:05:40","guid":{"rendered":"https:\/\/www.wifinn.net\/blog\/"},"modified":"2023-02-22T09:17:05","modified_gmt":"2023-02-22T09:17:05","slug":"blog","status":"publish","type":"page","link":"https:\/\/www.wifinn.net\/ca\/blog\/","title":{"rendered":"Blog"},"content":{"rendered":"\t\t<div data-elementor-type=\"wp-page\" data-elementor-id=\"1069\" class=\"elementor elementor-1069 elementor-1061\" data-elementor-post-type=\"page\">\n\t\t\t\t\t\t<section class=\"elementor-section elementor-top-section elementor-element elementor-element-e59ab19 elementor-section-boxed elementor-section-height-default elementor-section-height-default\" data-id=\"e59ab19\" data-element_type=\"section\" data-e-type=\"section\">\n\t\t\t\t\t\t<div class=\"elementor-container elementor-column-gap-default\">\n\t\t\t\t\t<div class=\"elementor-column elementor-col-100 elementor-top-column elementor-element elementor-element-d451fdc\" data-id=\"d451fdc\" data-element_type=\"column\" data-e-type=\"column\">\n\t\t\t<div class=\"elementor-widget-wrap elementor-element-populated\">\n\t\t\t\t\t\t\t<\/div>\n\t\t<\/div>\n\t\t\t\t\t<\/div>\n\t\t<\/section>\n\t\t\t\t<\/div>\n\t\t","protected":false},"excerpt":{"rendered":"","protected":false},"author":1,"featured_media":0,"parent":0,"menu_order":0,"comment_status":"closed","ping_status":"closed","template":"","meta":{"footnotes":""},"class_list":["post-1069","page","type-page","status-publish","hentry"],"yoast_head":"<!-- This site is optimized with the Yoast SEO plugin v27.6 - https:\/\/yoast.com\/product\/yoast-seo-wordpress\/ -->\n<title>Blog - Wifinn<\/title>\n<meta name=\"description\" content=\"Not\u00edcies, consells i informaci\u00f3 sobre qualsevol tema relacionat amb la fibra \u00f2ptica, l\u00ednies m\u00f2bils i temes relacionats en el Empord\u00e0.\" \/>\n<meta name=\"robots\" content=\"index, follow, max-snippet:-1, max-image-preview:large, max-video-preview:-1\" \/>\n<link rel=\"canonical\" href=\"https:\/\/www.wifinn.net\/ca\/blog\/\" \/>\n<meta property=\"og:locale\" content=\"ca_ES\" \/>\n<meta property=\"og:type\" content=\"article\" \/>\n<meta property=\"og:title\" content=\"Blog - Wifinn\" \/>\n<meta property=\"og:description\" content=\"Not\u00edcies, consells i informaci\u00f3 sobre qualsevol tema relacionat amb la fibra \u00f2ptica, l\u00ednies m\u00f2bils i temes relacionats en el Empord\u00e0.\" \/>\n<meta property=\"og:url\" content=\"https:\/\/www.wifinn.net\/ca\/blog\/\" \/>\n<meta property=\"og:site_name\" content=\"Wifinn\" \/>\n<meta property=\"article:modified_time\" content=\"2023-02-22T09:17:05+00:00\" \/>\n<meta name=\"twitter:card\" content=\"summary_large_image\" \/>\n<script type=\"application\/ld+json\" class=\"yoast-schema-graph\">{\"@context\":\"https:\\\/\\\/schema.org\",\"@graph\":[{\"@type\":\"WebPage\",\"@id\":\"https:\\\/\\\/www.wifinn.net\\\/ca\\\/blog\\\/\",\"url\":\"https:\\\/\\\/www.wifinn.net\\\/ca\\\/blog\\\/\",\"name\":\"Blog - Wifinn\",\"isPartOf\":{\"@id\":\"https:\\\/\\\/www.wifinn.net\\\/ca\\\/#website\"},\"datePublished\":\"2022-01-04T12:05:40+00:00\",\"dateModified\":\"2023-02-22T09:17:05+00:00\",\"description\":\"Not\u00edcies, consells i informaci\u00f3 sobre qualsevol tema relacionat amb la fibra \u00f2ptica, l\u00ednies m\u00f2bils i temes relacionats en el Empord\u00e0.\",\"breadcrumb\":{\"@id\":\"https:\\\/\\\/www.wifinn.net\\\/ca\\\/blog\\\/#breadcrumb\"},\"inLanguage\":\"ca\",\"potentialAction\":[{\"@type\":\"ReadAction\",\"target\":[\"https:\\\/\\\/www.wifinn.net\\\/ca\\\/blog\\\/\"]}]},{\"@type\":\"BreadcrumbList\",\"@id\":\"https:\\\/\\\/www.wifinn.net\\\/ca\\\/blog\\\/#breadcrumb\",\"itemListElement\":[{\"@type\":\"ListItem\",\"position\":1,\"name\":\"Inici\",\"item\":\"https:\\\/\\\/www.wifinn.net\\\/ca\\\/\"},{\"@type\":\"ListItem\",\"position\":2,\"name\":\"Blog\"}]},{\"@type\":\"WebSite\",\"@id\":\"https:\\\/\\\/www.wifinn.net\\\/ca\\\/#website\",\"url\":\"https:\\\/\\\/www.wifinn.net\\\/ca\\\/\",\"name\":\"Wifinn\",\"description\":\"Instal\u00b7ladors de Fibra \u00d2ptica a l&#039;Alt Empord\u00e0\",\"publisher\":{\"@id\":\"https:\\\/\\\/www.wifinn.net\\\/ca\\\/#organization\"},\"potentialAction\":[{\"@type\":\"SearchAction\",\"target\":{\"@type\":\"EntryPoint\",\"urlTemplate\":\"https:\\\/\\\/www.wifinn.net\\\/ca\\\/?s={search_term_string}\"},\"query-input\":{\"@type\":\"PropertyValueSpecification\",\"valueRequired\":true,\"valueName\":\"search_term_string\"}}],\"inLanguage\":\"ca\"},{\"@type\":\"Organization\",\"@id\":\"https:\\\/\\\/www.wifinn.net\\\/ca\\\/#organization\",\"name\":\"Wifinn\",\"url\":\"https:\\\/\\\/www.wifinn.net\\\/ca\\\/\",\"logo\":{\"@type\":\"ImageObject\",\"inLanguage\":\"ca\",\"@id\":\"https:\\\/\\\/www.wifinn.net\\\/ca\\\/#\\\/schema\\\/logo\\\/image\\\/\",\"url\":\"https:\\\/\\\/www.wifinn.net\\\/wp-content\\\/uploads\\\/2021\\\/10\\\/wifinn-logo.png\",\"contentUrl\":\"https:\\\/\\\/www.wifinn.net\\\/wp-content\\\/uploads\\\/2021\\\/10\\\/wifinn-logo.png\",\"width\":735,\"height\":339,\"caption\":\"Wifinn\"},\"image\":{\"@id\":\"https:\\\/\\\/www.wifinn.net\\\/ca\\\/#\\\/schema\\\/logo\\\/image\\\/\"}}]}<\/script>\n<!-- \/ Yoast SEO plugin. -->","yoast_head_json":{"title":"Blog - Wifinn","description":"Not\u00edcies, consells i informaci\u00f3 sobre qualsevol tema relacionat amb la fibra \u00f2ptica, l\u00ednies m\u00f2bils i temes relacionats en el Empord\u00e0.","robots":{"index":"index","follow":"follow","max-snippet":"max-snippet:-1","max-image-preview":"max-image-preview:large","max-video-preview":"max-video-preview:-1"},"canonical":"https:\/\/www.wifinn.net\/ca\/blog\/","og_locale":"ca_ES","og_type":"article","og_title":"Blog - Wifinn","og_description":"Not\u00edcies, consells i informaci\u00f3 sobre qualsevol tema relacionat amb la fibra \u00f2ptica, l\u00ednies m\u00f2bils i temes relacionats en el Empord\u00e0.","og_url":"https:\/\/www.wifinn.net\/ca\/blog\/","og_site_name":"Wifinn","article_modified_time":"2023-02-22T09:17:05+00:00","twitter_card":"summary_large_image","schema":{"@context":"https:\/\/schema.org","@graph":[{"@type":"WebPage","@id":"https:\/\/www.wifinn.net\/ca\/blog\/","url":"https:\/\/www.wifinn.net\/ca\/blog\/","name":"Blog - Wifinn","isPartOf":{"@id":"https:\/\/www.wifinn.net\/ca\/#website"},"datePublished":"2022-01-04T12:05:40+00:00","dateModified":"2023-02-22T09:17:05+00:00","description":"Not\u00edcies, consells i informaci\u00f3 sobre qualsevol tema relacionat amb la fibra \u00f2ptica, l\u00ednies m\u00f2bils i temes relacionats en el Empord\u00e0.","breadcrumb":{"@id":"https:\/\/www.wifinn.net\/ca\/blog\/#breadcrumb"},"inLanguage":"ca","potentialAction":[{"@type":"ReadAction","target":["https:\/\/www.wifinn.net\/ca\/blog\/"]}]},{"@type":"BreadcrumbList","@id":"https:\/\/www.wifinn.net\/ca\/blog\/#breadcrumb","itemListElement":[{"@type":"ListItem","position":1,"name":"Inici","item":"https:\/\/www.wifinn.net\/ca\/"},{"@type":"ListItem","position":2,"name":"Blog"}]},{"@type":"WebSite","@id":"https:\/\/www.wifinn.net\/ca\/#website","url":"https:\/\/www.wifinn.net\/ca\/","name":"Wifinn","description":"Instal\u00b7ladors de Fibra \u00d2ptica a l&#039;Alt Empord\u00e0","publisher":{"@id":"https:\/\/www.wifinn.net\/ca\/#organization"},"potentialAction":[{"@type":"SearchAction","target":{"@type":"EntryPoint","urlTemplate":"https:\/\/www.wifinn.net\/ca\/?s={search_term_string}"},"query-input":{"@type":"PropertyValueSpecification","valueRequired":true,"valueName":"search_term_string"}}],"inLanguage":"ca"},{"@type":"Organization","@id":"https:\/\/www.wifinn.net\/ca\/#organization","name":"Wifinn","url":"https:\/\/www.wifinn.net\/ca\/","logo":{"@type":"ImageObject","inLanguage":"ca","@id":"https:\/\/www.wifinn.net\/ca\/#\/schema\/logo\/image\/","url":"https:\/\/www.wifinn.net\/wp-content\/uploads\/2021\/10\/wifinn-logo.png","contentUrl":"https:\/\/www.wifinn.net\/wp-content\/uploads\/2021\/10\/wifinn-logo.png","width":735,"height":339,"caption":"Wifinn"},"image":{"@id":"https:\/\/www.wifinn.net\/ca\/#\/schema\/logo\/image\/"}}]}},"_links":{"self":[{"href":"https:\/\/www.wifinn.net\/ca\/wp-json\/wp\/v2\/pages\/1069","targetHints":{"allow":["GET"]}}],"collection":[{"href":"https:\/\/www.wifinn.net\/ca\/wp-json\/wp\/v2\/pages"}],"about":[{"href":"https:\/\/www.wifinn.net\/ca\/wp-json\/wp\/v2\/types\/page"}],"author":[{"embeddable":true,"href":"https:\/\/www.wifinn.net\/ca\/wp-json\/wp\/v2\/users\/1"}],"replies":[{"embeddable":true,"href":"https:\/\/www.wifinn.net\/ca\/wp-json\/wp\/v2\/comments?post=1069"}],"version-history":[{"count":1,"href":"https:\/\/www.wifinn.net\/ca\/wp-json\/wp\/v2\/pages\/1069\/revisions"}],"predecessor-version":[{"id":1070,"href":"https:\/\/www.wifinn.net\/ca\/wp-json\/wp\/v2\/pages\/1069\/revisions\/1070"}],"wp:attachment":[{"href":"https:\/\/www.wifinn.net\/ca\/wp-json\/wp\/v2\/media?parent=1069"}],"curies":[{"name":"wp","href":"https:\/\/api.w.org\/{rel}","templated":true}]}}